{"id":99,"date":"2026-02-02T20:47:22","date_gmt":"2026-02-02T20:47:22","guid":{"rendered":"https:\/\/tintorama.art\/?post_type=product&#038;p=99"},"modified":"2026-02-06T12:39:40","modified_gmt":"2026-02-06T12:39:40","slug":"eden-interrupted-the-fall","status":"publish","type":"product","link":"https:\/\/tintorama.art\/hr\/proizvod\/eden-interrupted-the-fall\/","title":{"rendered":"&#8216;Eden, Interrupted\u00a0&#8211; The Fall&#8217;"},"content":{"rendered":"<div class=\"wpb-content-wrapper\"><div data-parent=\"true\" class=\"vc_row row-container\" id=\"row-unique-0\"><div class=\"row limit-width row-parent\"><div class=\"wpb_row row-inner\"><div class=\"wpb_column pos-top pos-center align_left column_parent col-lg-12 single-internal-gutter\"><div class=\"uncol style-light\"  ><div class=\"uncoltable\"><div class=\"uncell no-block-padding\" ><div class=\"uncont\" ><div class=\"uncode_text_column\" ><\/p>\n<p data-start=\"93\" data-end=\"279\"><strong>\u201cEden, Interrupted \u2014 The Fall\u201d nastao je iz razmi\u0161ljanja o trenutku kada se ne\u0161to nepovratno promijeni. Ne nu\u017eno kao katastrofa, nego kao tiho pomicanje iz jednog stanja u drugo.<\/strong><\/p>\n<p data-start=\"281\" data-end=\"564\">Dok sam gradio slojeve rada, zanimao me osje\u0107aj kada sigurnost prestaje biti potpuna, ali jo\u0161 uvijek nije nestala. Figura ovdje nije samo u padu \u2014 ona je uhva\u0107ena u trenutku izme\u0111u kontrole i prepu\u0161tanja, izme\u0111u instinkta pre\u017eivljavanja i neizbje\u017ene promjene.<\/p>\n<p data-start=\"566\" data-end=\"843\">Zmija se pojavljuje kao stalna prisutnost \u2014 ne samo kao simbol isku\u0161enja, nego kao podsjetnik na znanje koje dolazi zajedno s gubitkom nevinosti. Priroda oko figure nije neutralna; ona je prostor u kojem je transformaciju nemogu\u0107e izbje\u0107i.<\/p>\n<p data-start=\"845\" data-end=\"1127\">As in other TINT-O-RAMA works, the space is small, enclosed, almost like a reliquary of a single feeling. Each layer is built by hand, intuitively, as an attempt to preserve the moment in which the old world has not yet completely collapsed, and the new one has not yet taken shape<\/p>\n<p data-start=\"845\" data-end=\"1127\"><em><strong>\u201eNeki padovi nisu kraj \u2014<\/strong><\/em><br data-start=\"1340\" data-end=\"1343\" \/><em><strong>but places we never meant to find.\u201d<\/strong><\/em><\/p>\n<p>\n<\/div><\/div><\/div><\/div><\/div><\/div><script id=\"script-row-unique-0\" data-row=\"script-row-unique-0\" type=\"text\/javascript\" class=\"vc_controls\">UNCODE.initRow(document.getElementById(\"row-unique-0\"));<\/script><\/div><\/div><\/div>\n<\/div>","protected":false},"excerpt":{"rendered":"<p>\u201eNeki padovi nisu kraj \u2014<br data-start=\"1340\" data-end=\"1343\" \/>but places we never meant to find.\u201d<\/p>","protected":false},"featured_media":102,"comment_status":"open","ping_status":"closed","template":"","meta":[],"product_brand":[],"product_cat":[88,37],"product_tag":[],"class_list":{"0":"post-99","1":"product","2":"type-product","3":"status-publish","4":"has-post-thumbnail","6":"product_cat-available-works","7":"product_cat-falling","9":"first","10":"instock","11":"sold-individually","12":"shipping-taxable","13":"purchasable","14":"product-type-simple"},"_links":{"self":[{"href":"https:\/\/tintorama.art\/hr\/wp-json\/wp\/v2\/product\/99","targetHints":{"allow":["GET"]}}],"collection":[{"href":"https:\/\/tintorama.art\/hr\/wp-json\/wp\/v2\/product"}],"about":[{"href":"https:\/\/tintorama.art\/hr\/wp-json\/wp\/v2\/types\/product"}],"replies":[{"embeddable":true,"href":"https:\/\/tintorama.art\/hr\/wp-json\/wp\/v2\/comments?post=99"}],"wp:featuredmedia":[{"embeddable":true,"href":"https:\/\/tintorama.art\/hr\/wp-json\/wp\/v2\/media\/102"}],"wp:attachment":[{"href":"https:\/\/tintorama.art\/hr\/wp-json\/wp\/v2\/media?parent=99"}],"wp:term":[{"taxonomy":"product_brand","embeddable":true,"href":"https:\/\/tintorama.art\/hr\/wp-json\/wp\/v2\/product_brand?post=99"},{"taxonomy":"product_cat","embeddable":true,"href":"https:\/\/tintorama.art\/hr\/wp-json\/wp\/v2\/product_cat?post=99"},{"taxonomy":"product_tag","embeddable":true,"href":"https:\/\/tintorama.art\/hr\/wp-json\/wp\/v2\/product_tag?post=99"}],"curies":[{"name":"wp","href":"https:\/\/api.w.org\/{rel}","templated":true}]}}