{"id":781,"date":"2026-01-30T13:22:42","date_gmt":"2026-01-30T13:22:42","guid":{"rendered":"https:\/\/tintorama.art\/?post_type=product&#038;p=781"},"modified":"2026-02-06T13:35:24","modified_gmt":"2026-02-06T13:35:24","slug":"stolen-kiss-2024","status":"publish","type":"product","link":"https:\/\/tintorama.art\/hr\/proizvod\/stolen-kiss-2024\/","title":{"rendered":"&#8216;Stolen Kiss&#8217;, 2024"},"content":{"rendered":"<div class=\"wpb-content-wrapper\"><div data-parent=\"true\" class=\"vc_row row-container\" id=\"row-unique-0\"><div class=\"row limit-width row-parent\"><div class=\"wpb_row row-inner\"><div class=\"wpb_column pos-top pos-center align_left column_parent col-lg-12 single-internal-gutter\"><div class=\"uncol style-light\"  ><div class=\"uncoltable\"><div class=\"uncell no-block-padding\" ><div class=\"uncont\" ><div class=\"uncode_text_column\" ><\/p>\n<p data-start=\"235\" data-end=\"368\">Neki trenuci nisu stvoreni da traju \u2014 samo da se dogode. Tiho. Kratko. Kao ne\u0161to \u0161to bi svijet poku\u0161ao prekinuti kad bi primijetio.<\/p>\n<p data-start=\"370\" data-end=\"564\">Ukradeni poljubac nije samo pitanje tajne. On je pitanje hitnosti. Znanja da je ne\u0161to stvarno, \u010dak i ako ne mo\u017ee postojati na otvorenom. \u010cak i ako \u017eivi samo sekundu izme\u0111u kaosa i mira.<\/p>\n<p data-start=\"566\" data-end=\"802\">'Stolen Kiss' govori o krhkoj bliskosti \u2014 onoj koja postoji unato\u010d buci, unato\u010d udaljenosti, unato\u010d svemu \u0161to poku\u0161ava razdvojiti dvoje ljudi. Onoj koja se pojavi, nestane, i ipak ostavi ne\u0161to trajno iza sebe.<\/p>\n<p>\n<\/div><\/div><\/div><\/div><\/div><\/div><script id=\"script-row-unique-0\" data-row=\"script-row-unique-0\" type=\"text\/javascript\" class=\"vc_controls\">UNCODE.initRow(document.getElementById(\"row-unique-0\"));<\/script><\/div><\/div><\/div>\n<\/div>","protected":false},"excerpt":{"rendered":"<p>Poljubac, ukraden u ti\u0161ini. Ukraden usprkos olujama i grmljavini.<\/p>\n<p>2024, privatna kolekcija<\/p>","protected":false},"featured_media":774,"comment_status":"open","ping_status":"closed","template":"","meta":[],"product_brand":[],"product_cat":[83,85],"product_tag":[],"class_list":{"0":"post-781","1":"product","2":"type-product","3":"status-publish","4":"has-post-thumbnail","6":"product_cat-archive","7":"product_cat-autumn-2024","9":"first","10":"outofstock","11":"sold-individually","12":"shipping-taxable","13":"product-type-simple"},"_links":{"self":[{"href":"https:\/\/tintorama.art\/hr\/wp-json\/wp\/v2\/product\/781","targetHints":{"allow":["GET"]}}],"collection":[{"href":"https:\/\/tintorama.art\/hr\/wp-json\/wp\/v2\/product"}],"about":[{"href":"https:\/\/tintorama.art\/hr\/wp-json\/wp\/v2\/types\/product"}],"replies":[{"embeddable":true,"href":"https:\/\/tintorama.art\/hr\/wp-json\/wp\/v2\/comments?post=781"}],"wp:featuredmedia":[{"embeddable":true,"href":"https:\/\/tintorama.art\/hr\/wp-json\/wp\/v2\/media\/774"}],"wp:attachment":[{"href":"https:\/\/tintorama.art\/hr\/wp-json\/wp\/v2\/media?parent=781"}],"wp:term":[{"taxonomy":"product_brand","embeddable":true,"href":"https:\/\/tintorama.art\/hr\/wp-json\/wp\/v2\/product_brand?post=781"},{"taxonomy":"product_cat","embeddable":true,"href":"https:\/\/tintorama.art\/hr\/wp-json\/wp\/v2\/product_cat?post=781"},{"taxonomy":"product_tag","embeddable":true,"href":"https:\/\/tintorama.art\/hr\/wp-json\/wp\/v2\/product_tag?post=781"}],"curies":[{"name":"wp","href":"https:\/\/api.w.org\/{rel}","templated":true}]}}