{"id":778,"date":"2026-01-30T10:17:29","date_gmt":"2026-01-30T10:17:29","guid":{"rendered":"https:\/\/tintorama.art\/?post_type=product&#038;p=778"},"modified":"2026-02-06T13:36:38","modified_gmt":"2026-02-06T13:36:38","slug":"catching-sun-2019","status":"publish","type":"product","link":"https:\/\/tintorama.art\/hr\/proizvod\/catching-sun-2019\/","title":{"rendered":"&#8216;Catching Sun&#8217;, 2019"},"content":{"rendered":"<div class=\"wpb-content-wrapper\"><div data-parent=\"true\" class=\"vc_row row-container\" id=\"row-unique-0\"><div class=\"row limit-width row-parent\"><div class=\"wpb_row row-inner\"><div class=\"wpb_column pos-top pos-center align_left column_parent col-lg-12 single-internal-gutter\"><div class=\"uncol style-light\"  ><div class=\"uncoltable\"><div class=\"uncell no-block-padding\" ><div class=\"uncont\" ><div class=\"uncode_text_column\" ><\/p>\n<p data-start=\"78\" data-end=\"477\">U sanjarenju, trenutak djeluje beste\u017einski i krhak, negdje izme\u0111u ma\u0161te i stvarnosti. Postoji samo kratko, a ipak mo\u017ee djelovati istinitije od bilo \u010dega \u010dvrstog ili sigurnog. Ponekad najva\u017enije stvari u \u017eivotu zapo\u010dnu upravo tamo \u2014 kada se usudimo posegnuti, osjetiti i biti vi\u0111eni. Kada si dopustimo zakora\u010diti u toplinu, u bliskost, u trenutak zajedni\u010dke radosti.<\/p>\n<p>\n<\/div><\/div><\/div><\/div><\/div><\/div><script id=\"script-row-unique-0\" data-row=\"script-row-unique-0\" type=\"text\/javascript\" class=\"vc_controls\">UNCODE.initRow(document.getElementById(\"row-unique-0\"));<\/script><\/div><\/div><\/div>\n<\/div>","protected":false},"excerpt":{"rendered":"<p>&#8216;Can You Imagine things I see when I daydream?&#8217;<\/p>\n<p>2019, privatna kolekcija<\/p>","protected":false},"featured_media":776,"comment_status":"open","ping_status":"closed","template":"","meta":[],"product_brand":[],"product_cat":[83,40],"product_tag":[],"class_list":{"0":"post-778","1":"product","2":"type-product","3":"status-publish","4":"has-post-thumbnail","6":"product_cat-archive","7":"product_cat-winter-collection-2019-20","9":"first","10":"outofstock","11":"sold-individually","12":"shipping-taxable","13":"product-type-simple"},"_links":{"self":[{"href":"https:\/\/tintorama.art\/hr\/wp-json\/wp\/v2\/product\/778","targetHints":{"allow":["GET"]}}],"collection":[{"href":"https:\/\/tintorama.art\/hr\/wp-json\/wp\/v2\/product"}],"about":[{"href":"https:\/\/tintorama.art\/hr\/wp-json\/wp\/v2\/types\/product"}],"replies":[{"embeddable":true,"href":"https:\/\/tintorama.art\/hr\/wp-json\/wp\/v2\/comments?post=778"}],"wp:featuredmedia":[{"embeddable":true,"href":"https:\/\/tintorama.art\/hr\/wp-json\/wp\/v2\/media\/776"}],"wp:attachment":[{"href":"https:\/\/tintorama.art\/hr\/wp-json\/wp\/v2\/media?parent=778"}],"wp:term":[{"taxonomy":"product_brand","embeddable":true,"href":"https:\/\/tintorama.art\/hr\/wp-json\/wp\/v2\/product_brand?post=778"},{"taxonomy":"product_cat","embeddable":true,"href":"https:\/\/tintorama.art\/hr\/wp-json\/wp\/v2\/product_cat?post=778"},{"taxonomy":"product_tag","embeddable":true,"href":"https:\/\/tintorama.art\/hr\/wp-json\/wp\/v2\/product_tag?post=778"}],"curies":[{"name":"wp","href":"https:\/\/api.w.org\/{rel}","templated":true}]}}