{"id":769,"date":"2026-02-01T09:01:00","date_gmt":"2026-02-01T09:01:00","guid":{"rendered":"https:\/\/tintorama.art\/?post_type=product&#038;p=769"},"modified":"2026-02-06T13:34:20","modified_gmt":"2026-02-06T13:34:20","slug":"my-eyes-on-you-2024","status":"publish","type":"product","link":"https:\/\/tintorama.art\/hr\/proizvod\/my-eyes-on-you-2024\/","title":{"rendered":"&#8216;My Eyes On You&#8217;, 2024"},"content":{"rendered":"<div class=\"wpb-content-wrapper\"><div data-parent=\"true\" class=\"vc_row row-container\" id=\"row-unique-0\"><div class=\"row limit-width row-parent\"><div class=\"wpb_row row-inner\"><div class=\"wpb_column pos-top pos-center align_left column_parent col-lg-12 single-internal-gutter\"><div class=\"uncol style-light\"  ><div class=\"uncoltable\"><div class=\"uncell no-block-padding\" ><div class=\"uncont\" ><div class=\"uncode_text_column\" ><\/p>\n<p data-start=\"142\" data-end=\"332\">Ovaj rad govori o odanosti \u2014 o tihoj, postojanoj vrsti vjernosti koju ne treba glasno dokazivati. O onoj koja postoji u prisutnosti, u pa\u017enji, u jednostavnom \u010dinu ostajanja.<\/p>\n<p data-start=\"334\" data-end=\"632\">U svijetu punom distrakcija, zadr\u017eati pogled na jednoj osobi, jednom osje\u0107aju, jednoj istini, gotovo je \u010din hrabrosti. Vjernost nije uvijek pitanje savr\u0161enstva. Ponekad je to jednostavno ponovno i ponovno birati isto srce, \u010dak i kada ti svijet nudi tisu\u0107u drugih smjerova na koje mo\u017ee\u0161 skrenuti pogled.<\/p>\n<p>\n<\/div><\/div><\/div><\/div><\/div><\/div><script id=\"script-row-unique-0\" data-row=\"script-row-unique-0\" type=\"text\/javascript\" class=\"vc_controls\">UNCODE.initRow(document.getElementById(\"row-unique-0\"));<\/script><\/div><\/div><\/div>\n<\/div>","protected":false},"excerpt":{"rendered":"<p>'U ovom svijetu, moje su o\u010di samo za tebe. I ti si jedini\/jedina na mojim mislima.'<\/p>\n<p>2024, privatna kolekcija<\/p>","protected":false},"featured_media":767,"comment_status":"open","ping_status":"closed","template":"","meta":[],"product_brand":[],"product_cat":[83,85],"product_tag":[],"class_list":{"0":"post-769","1":"product","2":"type-product","3":"status-publish","4":"has-post-thumbnail","6":"product_cat-archive","7":"product_cat-autumn-2024","9":"first","10":"outofstock","11":"sold-individually","12":"shipping-taxable","13":"product-type-simple"},"_links":{"self":[{"href":"https:\/\/tintorama.art\/hr\/wp-json\/wp\/v2\/product\/769","targetHints":{"allow":["GET"]}}],"collection":[{"href":"https:\/\/tintorama.art\/hr\/wp-json\/wp\/v2\/product"}],"about":[{"href":"https:\/\/tintorama.art\/hr\/wp-json\/wp\/v2\/types\/product"}],"replies":[{"embeddable":true,"href":"https:\/\/tintorama.art\/hr\/wp-json\/wp\/v2\/comments?post=769"}],"wp:featuredmedia":[{"embeddable":true,"href":"https:\/\/tintorama.art\/hr\/wp-json\/wp\/v2\/media\/767"}],"wp:attachment":[{"href":"https:\/\/tintorama.art\/hr\/wp-json\/wp\/v2\/media?parent=769"}],"wp:term":[{"taxonomy":"product_brand","embeddable":true,"href":"https:\/\/tintorama.art\/hr\/wp-json\/wp\/v2\/product_brand?post=769"},{"taxonomy":"product_cat","embeddable":true,"href":"https:\/\/tintorama.art\/hr\/wp-json\/wp\/v2\/product_cat?post=769"},{"taxonomy":"product_tag","embeddable":true,"href":"https:\/\/tintorama.art\/hr\/wp-json\/wp\/v2\/product_tag?post=769"}],"curies":[{"name":"wp","href":"https:\/\/api.w.org\/{rel}","templated":true}]}}