{"id":441,"date":"2026-01-31T20:58:26","date_gmt":"2026-01-31T20:58:26","guid":{"rendered":"https:\/\/tintorama.art\/?post_type=product&#038;p=441"},"modified":"2026-02-06T13:19:14","modified_gmt":"2026-02-06T13:19:14","slug":"saviour","status":"publish","type":"product","link":"https:\/\/tintorama.art\/hr\/proizvod\/saviour\/","title":{"rendered":"&#8216;Saviour&#8217;, 2024"},"content":{"rendered":"<div class=\"wpb-content-wrapper\"><div data-parent=\"true\" class=\"vc_row row-container\" id=\"row-unique-0\"><div class=\"row limit-width row-parent\"><div class=\"wpb_row row-inner\"><div class=\"wpb_column pos-top pos-center align_left column_parent col-lg-12 single-internal-gutter\"><div class=\"uncol style-light\"  ><div class=\"uncoltable\"><div class=\"uncell no-block-padding\" ><div class=\"uncont\" ><div class=\"uncode_text_column\" ><\/p>\n<p data-start=\"370\" data-end=\"559\">Postoje stvari s kojima nau\u010dimo \u017eivjeti \u2014 strahovi, sje\u0107anja, tihi otrovi koje prestanemo preispitivati jer postanu poznati. Ponekad ih nosimo toliko dugo da po\u010dnu djelovati kao dio nas.<\/p>\n<p data-start=\"561\" data-end=\"753\">A onda se pojavi ne\u0161to nje\u017eno. Ne glasno. Ne dramati\u010dno. Samo prisutno. I odjednom ono \u0161to se \u010dinilo trajnim po\u010dne gubiti snagu. Ne zato \u0161to je pobije\u0111eno \u2014 nego zato \u0161to vi\u0161e nije potrebno.<\/p>\n<p data-start=\"755\" data-end=\"940\">'Saviour' govori o tihoj snazi prisutnosti \u2014 o rijetkim trenucima kada nas ne\u0161to ili netko podsjeti da ne moramo dr\u017eati ono \u0161to boli samo zato \u0161to nam je poznato.<\/p>\n<p>\n<\/div><\/div><\/div><\/div><\/div><\/div><script id=\"script-row-unique-0\" data-row=\"script-row-unique-0\" type=\"text\/javascript\" class=\"vc_controls\">UNCODE.initRow(document.getElementById(\"row-unique-0\"));<\/script><\/div><\/div><\/div>\n<\/div>","protected":false},"excerpt":{"rendered":"<p>U tvojoj prisutnosti sve opasnosti nestaju. \u010cak i one koje dugo dr\u017eim blizu sebe, ignoriraju\u0107i njihov otrov kroz dugo vrijeme.<\/p>\n<p>2024, privatna kolekcija<\/p>","protected":false},"featured_media":442,"comment_status":"open","ping_status":"closed","template":"","meta":[],"product_brand":[],"product_cat":[83,85],"product_tag":[],"class_list":{"0":"post-441","1":"product","2":"type-product","3":"status-publish","4":"has-post-thumbnail","6":"product_cat-archive","7":"product_cat-autumn-2024","9":"first","10":"outofstock","11":"sold-individually","12":"shipping-taxable","13":"product-type-simple"},"_links":{"self":[{"href":"https:\/\/tintorama.art\/hr\/wp-json\/wp\/v2\/product\/441","targetHints":{"allow":["GET"]}}],"collection":[{"href":"https:\/\/tintorama.art\/hr\/wp-json\/wp\/v2\/product"}],"about":[{"href":"https:\/\/tintorama.art\/hr\/wp-json\/wp\/v2\/types\/product"}],"replies":[{"embeddable":true,"href":"https:\/\/tintorama.art\/hr\/wp-json\/wp\/v2\/comments?post=441"}],"wp:featuredmedia":[{"embeddable":true,"href":"https:\/\/tintorama.art\/hr\/wp-json\/wp\/v2\/media\/442"}],"wp:attachment":[{"href":"https:\/\/tintorama.art\/hr\/wp-json\/wp\/v2\/media?parent=441"}],"wp:term":[{"taxonomy":"product_brand","embeddable":true,"href":"https:\/\/tintorama.art\/hr\/wp-json\/wp\/v2\/product_brand?post=441"},{"taxonomy":"product_cat","embeddable":true,"href":"https:\/\/tintorama.art\/hr\/wp-json\/wp\/v2\/product_cat?post=441"},{"taxonomy":"product_tag","embeddable":true,"href":"https:\/\/tintorama.art\/hr\/wp-json\/wp\/v2\/product_tag?post=441"}],"curies":[{"name":"wp","href":"https:\/\/api.w.org\/{rel}","templated":true}]}}