{"id":380,"date":"2026-02-01T17:09:21","date_gmt":"2026-02-01T17:09:21","guid":{"rendered":"https:\/\/tintorama.art\/?post_type=product&#038;p=380"},"modified":"2026-02-06T13:32:57","modified_gmt":"2026-02-06T13:32:57","slug":"i-follow-birds","status":"publish","type":"product","link":"https:\/\/tintorama.art\/hr\/proizvod\/i-follow-birds\/","title":{"rendered":"&#8216;I Follow Birds&#8217;, 2019"},"content":{"rendered":"<div class=\"wpb-content-wrapper\"><div data-parent=\"true\" class=\"vc_row row-container\" id=\"row-unique-0\"><div class=\"row limit-width row-parent\"><div class=\"wpb_row row-inner\"><div class=\"wpb_column pos-top pos-center align_left column_parent col-lg-12 single-internal-gutter\"><div class=\"uncol style-light\"  ><div class=\"uncoltable\"><div class=\"uncell no-block-padding\" ><div class=\"uncont\" ><div class=\"uncode_text_column\" ><\/p>\n<p data-start=\"90\" data-end=\"393\"><strong data-start=\"90\" data-end=\"108\">\u2018I Follow Birds\u2019<\/strong>\u00a0je poziv na slu\u0161anje unutarnjeg instinkta \u2014 onog tihog osje\u0107aja koji nas ponekad vodi prije nego \u0161to ga uspijemo objasniti. Figura lebdi izme\u0111u sigurnosti i nepoznatog, u prostoru koji je istovremeno lagan i nesiguran, poput trenutka u kojem odlu\u010dujemo ho\u0107emo li vjerovati onome \u0161to osje\u0107amo.<\/p>\n<p data-start=\"395\" data-end=\"657\" class=\"translation-block\">Ptice koje pozivaju predstavljaju radoznalost, nadu, mo\u017eda i ljubav \u2014 sve ono \u0161to nas mo\u017ee pomaknuti iz poznatog prostora. Rad govori o potrebi da ponekad slijedimo ono \u0161to nas zove, \u010dak i kada ne znamo kamo to vodi, ali osje\u0107amo da je ka  <strong>ne\u010demu dobrom<\/strong>.<\/p>\n<p>\n<\/div><\/div><\/div><\/div><\/div><\/div><script id=\"script-row-unique-0\" data-row=\"script-row-unique-0\" type=\"text\/javascript\" class=\"vc_controls\">UNCODE.initRow(document.getElementById(\"row-unique-0\"));<\/script><\/div><\/div><\/div>\n<\/div>","protected":false},"excerpt":{"rendered":"<p>A Bird Song<\/p>\n<p>(Christina Rossetti &#8211; 1830-1894)<\/p>\n<p>It&#8217;s a year almost that I have not seen her:<br \/>\nOh, last summer green things were greener,<br \/>\nBrambles fewer, the blue sky bluer.<\/p>\n<p>It&#8217;s surely summer, for there&#8217;s a swallow:<br \/>\nCome one swallow, his mate will follow,<br \/>\nThe bird race quicken and wheel and thicken.<\/p>\n<p>Oh happy swallow whose mate will follow<br \/>\nO&#8217;er height, o&#8217;er hollow! I&#8217;d be a swallow,<br \/>\nTo build this weather one nest together.<\/p>\n<p>2019, privatna kolekcija<\/p>","protected":false},"featured_media":386,"comment_status":"open","ping_status":"closed","template":"","meta":[],"product_brand":[],"product_cat":[83,40],"product_tag":[],"class_list":{"0":"post-380","1":"product","2":"type-product","3":"status-publish","4":"has-post-thumbnail","6":"product_cat-archive","7":"product_cat-winter-collection-2019-20","9":"first","10":"outofstock","11":"sold-individually","12":"shipping-taxable","13":"product-type-simple"},"_links":{"self":[{"href":"https:\/\/tintorama.art\/hr\/wp-json\/wp\/v2\/product\/380","targetHints":{"allow":["GET"]}}],"collection":[{"href":"https:\/\/tintorama.art\/hr\/wp-json\/wp\/v2\/product"}],"about":[{"href":"https:\/\/tintorama.art\/hr\/wp-json\/wp\/v2\/types\/product"}],"replies":[{"embeddable":true,"href":"https:\/\/tintorama.art\/hr\/wp-json\/wp\/v2\/comments?post=380"}],"wp:featuredmedia":[{"embeddable":true,"href":"https:\/\/tintorama.art\/hr\/wp-json\/wp\/v2\/media\/386"}],"wp:attachment":[{"href":"https:\/\/tintorama.art\/hr\/wp-json\/wp\/v2\/media?parent=380"}],"wp:term":[{"taxonomy":"product_brand","embeddable":true,"href":"https:\/\/tintorama.art\/hr\/wp-json\/wp\/v2\/product_brand?post=380"},{"taxonomy":"product_cat","embeddable":true,"href":"https:\/\/tintorama.art\/hr\/wp-json\/wp\/v2\/product_cat?post=380"},{"taxonomy":"product_tag","embeddable":true,"href":"https:\/\/tintorama.art\/hr\/wp-json\/wp\/v2\/product_tag?post=380"}],"curies":[{"name":"wp","href":"https:\/\/api.w.org\/{rel}","templated":true}]}}