{"id":1163,"date":"2026-04-06T17:34:18","date_gmt":"2026-04-06T17:34:18","guid":{"rendered":"https:\/\/tintorama.art\/?post_type=product&#038;p=1163"},"modified":"2026-04-06T18:43:41","modified_gmt":"2026-04-06T18:43:41","slug":"something-inside","status":"publish","type":"product","link":"https:\/\/tintorama.art\/hr\/proizvod\/something-inside\/","title":{"rendered":"&#8216;Something Inside&#8217;"},"content":{"rendered":"<div class=\"wpb-content-wrapper\"><div data-parent=\"true\" class=\"vc_row row-container\" id=\"row-unique-0\"><div class=\"row limit-width row-parent\"><div class=\"wpb_row row-inner\"><div class=\"wpb_column pos-top pos-center align_left column_parent col-lg-12 single-internal-gutter\"><div class=\"uncol style-light\"  ><div class=\"uncoltable\"><div class=\"uncell no-block-padding\" ><div class=\"uncont\" ><div class=\"uncode_text_column\" ><p>Mali, zatvoreni svijet u kojem ne\u0161to po\u010dinje izlaziti na povr\u0161inu.\nNe\u0161to \u0161to nije potpuno vidljivo, niti potpuno razumljivo.<\/p>\n<p>Fragmenti prirode, sje\u0107anja i tijela koegzistiraju u tihoj napetosti.\nOno \u0161to na prvi pogled djeluje nje\u017eno, postupno otkriva drugi sloj \u2014\nne\u0161to \u0161to se kre\u0107e, pose\u017ee i zadr\u017eava ispod povr\u0161ine.<\/p>\n<p>Susret s vlastitom sjenom,\ns mislima od kojih se branimo,\na koje nas tiho vode.<\/p>\n<p>Sjena nije tu da zastra\u0161i.<\/p>\n<p>Ne obja\u0161njava.<\/p>\n<p>Ona razumije.<\/p>\n<\/div><\/div><\/div><\/div><\/div><\/div><script id=\"script-row-unique-0\" data-row=\"script-row-unique-0\" type=\"text\/javascript\" class=\"vc_controls\">UNCODE.initRow(document.getElementById(\"row-unique-0\"));<\/script><\/div><\/div><\/div>\n<\/div>","protected":false},"excerpt":{"rendered":"<p data-start=\"638\" data-end=\"868\">\"Susret s vlastitom sjenom,\ns mislima od kojih se branimo,\na koje nas tiho vode.\"<\/p>","protected":false},"featured_media":1166,"comment_status":"open","ping_status":"closed","template":"","meta":[],"product_brand":[],"product_cat":[88,37],"product_tag":[],"class_list":{"0":"post-1163","1":"product","2":"type-product","3":"status-publish","4":"has-post-thumbnail","6":"product_cat-available-works","7":"product_cat-falling","9":"first","10":"instock","11":"sold-individually","12":"shipping-taxable","13":"purchasable","14":"product-type-simple"},"_links":{"self":[{"href":"https:\/\/tintorama.art\/hr\/wp-json\/wp\/v2\/product\/1163","targetHints":{"allow":["GET"]}}],"collection":[{"href":"https:\/\/tintorama.art\/hr\/wp-json\/wp\/v2\/product"}],"about":[{"href":"https:\/\/tintorama.art\/hr\/wp-json\/wp\/v2\/types\/product"}],"replies":[{"embeddable":true,"href":"https:\/\/tintorama.art\/hr\/wp-json\/wp\/v2\/comments?post=1163"}],"wp:featuredmedia":[{"embeddable":true,"href":"https:\/\/tintorama.art\/hr\/wp-json\/wp\/v2\/media\/1166"}],"wp:attachment":[{"href":"https:\/\/tintorama.art\/hr\/wp-json\/wp\/v2\/media?parent=1163"}],"wp:term":[{"taxonomy":"product_brand","embeddable":true,"href":"https:\/\/tintorama.art\/hr\/wp-json\/wp\/v2\/product_brand?post=1163"},{"taxonomy":"product_cat","embeddable":true,"href":"https:\/\/tintorama.art\/hr\/wp-json\/wp\/v2\/product_cat?post=1163"},{"taxonomy":"product_tag","embeddable":true,"href":"https:\/\/tintorama.art\/hr\/wp-json\/wp\/v2\/product_tag?post=1163"}],"curies":[{"name":"wp","href":"https:\/\/api.w.org\/{rel}","templated":true}]}}