{"id":101,"date":"2026-02-02T20:47:22","date_gmt":"2026-02-02T20:47:22","guid":{"rendered":"https:\/\/tintorama.art\/?post_type=product&#038;p=101"},"modified":"2026-02-06T12:40:29","modified_gmt":"2026-02-06T12:40:29","slug":"eden-interrupted-the-struggle","status":"publish","type":"product","link":"https:\/\/tintorama.art\/hr\/proizvod\/eden-interrupted-the-struggle\/","title":{"rendered":"&#8216;Eden, Interrupted\u00a0&#8211; The Struggle&#8217;"},"content":{"rendered":"<div class=\"wpb-content-wrapper\"><div data-parent=\"true\" class=\"vc_row row-container\" id=\"row-unique-0\"><div class=\"row limit-width row-parent\"><div class=\"wpb_row row-inner\"><div class=\"wpb_column pos-top pos-center align_left column_parent col-lg-12 single-internal-gutter\"><div class=\"uncol style-light\"  ><div class=\"uncoltable\"><div class=\"uncell no-block-padding\" ><div class=\"uncont\" ><div class=\"uncode_text_column\" ><\/p>\n<p data-start=\"94\" data-end=\"318\"><strong data-start=\"94\" data-end=\"318\">\u201cEden, Interrupted \u2014 The Struggle\u201d je misao o borbi koju ljubav ponekad pokrene unutar nas samih. Ne borbi protiv druge osobe, nego protiv vlastitih strahova, nesigurnosti, ponosa i potrebe za kontrolom.<\/strong><\/p>\n<p data-start=\"320\" data-end=\"552\">Ljubav nas doista mo\u017ee ogoliti \u2014 mo\u017ee nas prisiliti da vidimo dijelove sebe koje bismo ina\u010de radije zadr\u017eali skrivenima. Ponekad najve\u0107a borba nije izme\u0111u dvoje ljudi, nego izme\u0111u onoga \u0161to jesmo i onoga \u0161to se bojimo postati.<\/p>\n<p data-start=\"554\" data-end=\"742\">Figura u radu za mene nije samo u sukobu s drugom figurom, nego i sa sobom. Kao da poku\u0161ava zadr\u017eati ravnote\u017eu izme\u0111u instinkta da se za\u0161titi i potrebe da ostane otvorena.<\/p>\n<p data-start=\"744\" data-end=\"905\">Zmija je ovdje simbol promjene i isku\u0161enja \u2014 podsjetnik da svaka transformacija tra\u017ei od nas da otpustimo ne\u0161to staro, \u010dak i kada jo\u0161 nismo spremni.<\/p>\n<p data-start=\"907\" data-end=\"1089\">Each layer is built by hand, intuitively \u2014 as an attempt to preserve the feeling of a moment in which the struggle is still happening, yet is already beginning to reshape who we are<\/p>\n<p data-start=\"907\" data-end=\"1089\"><em><strong>\u201eAko nisi spreman boriti se za ljubav,\nje li to uop\u0107e prava ljubav?\u201d<\/strong><\/em><\/p>\n<p>\n<\/div><\/div><\/div><\/div><\/div><\/div><script id=\"script-row-unique-0\" data-row=\"script-row-unique-0\" type=\"text\/javascript\" class=\"vc_controls\">UNCODE.initRow(document.getElementById(\"row-unique-0\"));<\/script><\/div><\/div><\/div>\n<\/div>","protected":false},"excerpt":{"rendered":"<p data-start=\"638\" data-end=\"868\">\u201eAko nisi spreman boriti se za ljubav,\nje li to uop\u0107e prava ljubav?\u201d<\/p>","protected":false},"featured_media":104,"comment_status":"open","ping_status":"closed","template":"","meta":[],"product_brand":[],"product_cat":[88,37],"product_tag":[],"class_list":{"0":"post-101","1":"product","2":"type-product","3":"status-publish","4":"has-post-thumbnail","6":"product_cat-available-works","7":"product_cat-falling","9":"first","10":"instock","11":"sold-individually","12":"shipping-taxable","13":"purchasable","14":"product-type-simple"},"_links":{"self":[{"href":"https:\/\/tintorama.art\/hr\/wp-json\/wp\/v2\/product\/101","targetHints":{"allow":["GET"]}}],"collection":[{"href":"https:\/\/tintorama.art\/hr\/wp-json\/wp\/v2\/product"}],"about":[{"href":"https:\/\/tintorama.art\/hr\/wp-json\/wp\/v2\/types\/product"}],"replies":[{"embeddable":true,"href":"https:\/\/tintorama.art\/hr\/wp-json\/wp\/v2\/comments?post=101"}],"wp:featuredmedia":[{"embeddable":true,"href":"https:\/\/tintorama.art\/hr\/wp-json\/wp\/v2\/media\/104"}],"wp:attachment":[{"href":"https:\/\/tintorama.art\/hr\/wp-json\/wp\/v2\/media?parent=101"}],"wp:term":[{"taxonomy":"product_brand","embeddable":true,"href":"https:\/\/tintorama.art\/hr\/wp-json\/wp\/v2\/product_brand?post=101"},{"taxonomy":"product_cat","embeddable":true,"href":"https:\/\/tintorama.art\/hr\/wp-json\/wp\/v2\/product_cat?post=101"},{"taxonomy":"product_tag","embeddable":true,"href":"https:\/\/tintorama.art\/hr\/wp-json\/wp\/v2\/product_tag?post=101"}],"curies":[{"name":"wp","href":"https:\/\/api.w.org\/{rel}","templated":true}]}}