{"id":100,"date":"2026-02-02T20:47:22","date_gmt":"2026-02-02T20:47:22","guid":{"rendered":"https:\/\/tintorama.art\/?post_type=product&#038;p=100"},"modified":"2026-02-06T12:25:59","modified_gmt":"2026-02-06T12:25:59","slug":"why-so-shy","status":"publish","type":"product","link":"https:\/\/tintorama.art\/hr\/proizvod\/why-so-shy\/","title":{"rendered":"&#8216;Why So Shy?&#8217;"},"content":{"rendered":"<div class=\"wpb-content-wrapper\"><div data-parent=\"true\" class=\"vc_row row-container\" id=\"row-unique-0\"><div class=\"row limit-width row-parent\"><div class=\"wpb_row row-inner\"><div class=\"wpb_column pos-top pos-center align_left column_parent col-lg-12 single-internal-gutter\"><div class=\"uncol style-light\"  ><div class=\"uncoltable\"><div class=\"uncell no-block-padding\" ><div class=\"uncont\" ><div class=\"uncode_text_column\" ><\/p>\n<p data-start=\"342\" data-end=\"515\"><strong>\u201cWhy So Shy?\u201d nastao je iz razmi\u0161ljanja o onim dijelovima nas koji ne \u017eele odmah iza\u0107i na svjetlo. O dijelovima koji rastu sporije, ti\u0161e, skriveno od pogleda.<\/strong><\/p>\n<p data-start=\"517\" data-end=\"776\">Dok sam slagao slojeve slike, tijela i organskih elemenata, razmi\u0161ljao sam o osje\u0107aju kada istovremeno \u017eelimo biti vi\u0111eni i ostati za\u0161ti\u0107eni. Priroda u radu nije samo okru\u017eenje \u2014 ona je prostor u kojem je dopu\u0161teno mijenjati se bez obja\u0161njavanja.<\/p>\n<p data-start=\"778\" data-end=\"973\">Zmija se pojavila kao simbol promjene koja dolazi tiho, bez dramati\u010dnog trenutka. Kao podsjetnik da transformacija \u010desto po\u010dinje u fazama koje izgledaju kao povla\u010denje, a zapravo su rast.<\/p>\n<p data-start=\"975\" data-end=\"1110\">Each layer is built by hand, intuitively, like assembling an inner landscape that does not need to be fully understood \u2014 only truthful<\/p>\n<p data-start=\"975\" data-end=\"1110\"><em><strong>\u201ePostoji trenutak kada skrivanje nije strah \u2014<\/strong><\/em><br data-start=\"1157\" data-end=\"1160\" \/><em><strong>nego na\u010din postajanja.\u201d<\/strong><\/em><\/p>\n<p>\n<\/div><\/div><\/div><\/div><\/div><\/div><script id=\"script-row-unique-0\" data-row=\"script-row-unique-0\" type=\"text\/javascript\" class=\"vc_controls\">UNCODE.initRow(document.getElementById(\"row-unique-0\"));<\/script><\/div><\/div><\/div>\n<\/div>","protected":false},"excerpt":{"rendered":"<p>\u201ePostoji trenutak kada skrivanje nije strah \u2014<br data-start=\"1157\" data-end=\"1160\" \/>nego na\u010din postajanja.\u201d<\/p>","protected":false},"featured_media":103,"comment_status":"open","ping_status":"closed","template":"","meta":[],"product_brand":[],"product_cat":[88,37],"product_tag":[],"class_list":{"0":"post-100","1":"product","2":"type-product","3":"status-publish","4":"has-post-thumbnail","6":"product_cat-available-works","7":"product_cat-falling","9":"first","10":"instock","11":"sold-individually","12":"shipping-taxable","13":"purchasable","14":"product-type-simple"},"_links":{"self":[{"href":"https:\/\/tintorama.art\/hr\/wp-json\/wp\/v2\/product\/100","targetHints":{"allow":["GET"]}}],"collection":[{"href":"https:\/\/tintorama.art\/hr\/wp-json\/wp\/v2\/product"}],"about":[{"href":"https:\/\/tintorama.art\/hr\/wp-json\/wp\/v2\/types\/product"}],"replies":[{"embeddable":true,"href":"https:\/\/tintorama.art\/hr\/wp-json\/wp\/v2\/comments?post=100"}],"wp:featuredmedia":[{"embeddable":true,"href":"https:\/\/tintorama.art\/hr\/wp-json\/wp\/v2\/media\/103"}],"wp:attachment":[{"href":"https:\/\/tintorama.art\/hr\/wp-json\/wp\/v2\/media?parent=100"}],"wp:term":[{"taxonomy":"product_brand","embeddable":true,"href":"https:\/\/tintorama.art\/hr\/wp-json\/wp\/v2\/product_brand?post=100"},{"taxonomy":"product_cat","embeddable":true,"href":"https:\/\/tintorama.art\/hr\/wp-json\/wp\/v2\/product_cat?post=100"},{"taxonomy":"product_tag","embeddable":true,"href":"https:\/\/tintorama.art\/hr\/wp-json\/wp\/v2\/product_tag?post=100"}],"curies":[{"name":"wp","href":"https:\/\/api.w.org\/{rel}","templated":true}]}}