{"id":853,"date":"2026-02-07T10:20:26","date_gmt":"2026-02-07T10:20:26","guid":{"rendered":"https:\/\/tintorama.art\/?page_id=853"},"modified":"2026-02-07T10:34:26","modified_gmt":"2026-02-07T10:34:26","slug":"about-the-artist","status":"publish","type":"page","link":"https:\/\/tintorama.art\/hr\/about-the-artist\/","title":{"rendered":"ABOUT THE ARTIST"},"content":{"rendered":"<div class=\"wpb-content-wrapper\"><div data-parent=\"true\" class=\"vc_row row-container\" id=\"row-unique-0\"><div class=\"row limit-width row-parent\"><div class=\"wpb_row row-inner\"><div class=\"wpb_column pos-top pos-center align_left column_parent col-lg-12 single-internal-gutter\"><div class=\"uncol style-light\"  ><div class=\"uncoltable\"><div class=\"uncell no-block-padding\" ><div class=\"uncont\" ><div class=\"uncode_text_column\" ><\/p>\n<p data-start=\"832\" data-end=\"1088\">Vladimir Tintor je umjetnik i glumac \u010diji rad povezuje vizualnu umjetnost, kazali\u0161te i narativnu sliku. Kroz projekte poput TINT-O-RAMA istra\u017euje odnos izme\u0111u sje\u0107anja, osobne pri\u010de i materijalne kulture svakodnevice.<\/p>\n<p data-start=\"1090\" data-end=\"1369\">Njegova umjetni\u010dka praksa razvila se iz dugogodi\u0161njeg rada u kazali\u0161tu, gdje su prostor, atmosfera i emocionalna prisutnost postali temelj vizualnog izraza. Radovi \u010desto nastaju kao mali narativni prostori \u2014 intimne mikro scene koje bilje\u017ee fragmente iskustva, vremena i identiteta.<\/p>\n<p data-start=\"1371\" data-end=\"1485\">Tintor \u017eivi i radi u Hrvatskoj, razvijaju\u0107i projekte koji povezuju umjetnost, dizajn i osobni arhiv sje\u0107anja.<\/p>\n<p>\n<\/div><\/div><\/div><\/div><\/div><\/div><script id=\"script-row-unique-0\" data-row=\"script-row-unique-0\" type=\"text\/javascript\" class=\"vc_controls\">UNCODE.initRow(document.getElementById(\"row-unique-0\"));<\/script><\/div><\/div><\/div>\n<\/div>","protected":false},"excerpt":{"rendered":"Vladimir Tintor is an artist and actor whose work connects visual art, theatre, and narrative image-making. Through projects such as [...]","protected":false},"author":2,"featured_media":0,"parent":0,"menu_order":0,"comment_status":"closed","ping_status":"closed","template":"","meta":{"footnotes":""},"class_list":["post-853","page","type-page","status-publish","hentry"],"_links":{"self":[{"href":"https:\/\/tintorama.art\/hr\/wp-json\/wp\/v2\/pages\/853","targetHints":{"allow":["GET"]}}],"collection":[{"href":"https:\/\/tintorama.art\/hr\/wp-json\/wp\/v2\/pages"}],"about":[{"href":"https:\/\/tintorama.art\/hr\/wp-json\/wp\/v2\/types\/page"}],"author":[{"embeddable":true,"href":"https:\/\/tintorama.art\/hr\/wp-json\/wp\/v2\/users\/2"}],"replies":[{"embeddable":true,"href":"https:\/\/tintorama.art\/hr\/wp-json\/wp\/v2\/comments?post=853"}],"version-history":[{"count":2,"href":"https:\/\/tintorama.art\/hr\/wp-json\/wp\/v2\/pages\/853\/revisions"}],"predecessor-version":[{"id":862,"href":"https:\/\/tintorama.art\/hr\/wp-json\/wp\/v2\/pages\/853\/revisions\/862"}],"wp:attachment":[{"href":"https:\/\/tintorama.art\/hr\/wp-json\/wp\/v2\/media?parent=853"}],"curies":[{"name":"wp","href":"https:\/\/api.w.org\/{rel}","templated":true}]}}