{"id":852,"date":"2026-02-07T10:20:26","date_gmt":"2026-02-07T10:20:26","guid":{"rendered":"https:\/\/tintorama.art\/?page_id=852"},"modified":"2026-02-07T10:31:11","modified_gmt":"2026-02-07T10:31:11","slug":"about-the-art","status":"publish","type":"page","link":"https:\/\/tintorama.art\/hr\/about-the-art\/","title":{"rendered":"ABOUT THE ART"},"content":{"rendered":"<div class=\"wpb-content-wrapper\"><div data-parent=\"true\" class=\"vc_row row-container\" id=\"row-unique-0\"><div class=\"row limit-width row-parent\"><div class=\"wpb_row row-inner\"><div class=\"wpb_column pos-top pos-center align_left column_parent col-lg-12 single-internal-gutter\"><div class=\"uncol style-light\"  ><div class=\"uncoltable\"><div class=\"uncell no-block-padding\" ><div class=\"uncont\" ><div class=\"uncode_text_column\" ><\/p>\n<p data-start=\"242\" data-end=\"453\"><strong data-start=\"242\" data-end=\"453\">TINT-O-RAMA je kontinuirani mixed-media umjetni\u010dki projekt izgra\u0111en oko malih, intimnih svjetova, naj\u010de\u0161\u0107e unutar vintage limenki sardina, ali se pojavljuje i u drugim mixed-media formatima i objektima.<\/strong><\/p>\n<p data-start=\"455\" data-end=\"706\">Svaki rad postoji negdje izme\u0111u umjetni\u010dkog objekta, fragmenta sje\u0107anja i minijaturne pozornice. Limenke \u2014 kao i drugi objekti \u2014 funkcioniraju kao spremnici ne samo fizi\u010dki nego i emocionalno, \u010duvaju\u0107i pri\u010de, simbole i trenutke koji su istovremeno osobni i univerzalni.<\/p>\n<p data-start=\"708\" data-end=\"963\">Projekt istra\u017euje teme sje\u0107anja, instinkta, ranjivosti, transformacije i tihe napetosti izme\u0111u za\u0161tite i izlo\u017eenosti. Mnogi radovi nastaju kao unikatni komadi ili u vrlo malim serijama, odra\u017eavaju\u0107i spor, ru\u010dni proces izrade.<\/p>\n<p data-start=\"965\" data-end=\"1188\">TINT-O-RAMA razvila se iz fascinacije prona\u0111enim predmetima, kazali\u0161tem, kola\u017eom i narativnom slikom. Svaki rad funkcionira kao mali prostor sje\u0107anja \u2014 mjesto gdje se osobne pri\u010de i kolektivna memorija susre\u0107u u krhkoj, ali trajnoj formi.<\/p>\n<p data-start=\"1190\" data-end=\"1299\">U svojoj sr\u017ei, TINT-O-RAMA govori o o\u010duvanju prolaznih emocionalnih stanja \u2014 poput malih kapsula vremena i osje\u0107aja.<\/p>\n<p>\n<\/div><\/div><\/div><\/div><\/div><\/div><script id=\"script-row-unique-0\" data-row=\"script-row-unique-0\" type=\"text\/javascript\" class=\"vc_controls\">UNCODE.initRow(document.getElementById(\"row-unique-0\"));<\/script><\/div><\/div><\/div>\n<\/div>","protected":false},"excerpt":{"rendered":"TINT-O-RAMA is an ongoing mixed-media art project built around small, intimate object-worlds, mostly created inside vintage sardine tins, while also [...]","protected":false},"author":2,"featured_media":0,"parent":0,"menu_order":0,"comment_status":"closed","ping_status":"closed","template":"","meta":{"footnotes":""},"class_list":["post-852","page","type-page","status-publish","hentry"],"_links":{"self":[{"href":"https:\/\/tintorama.art\/hr\/wp-json\/wp\/v2\/pages\/852","targetHints":{"allow":["GET"]}}],"collection":[{"href":"https:\/\/tintorama.art\/hr\/wp-json\/wp\/v2\/pages"}],"about":[{"href":"https:\/\/tintorama.art\/hr\/wp-json\/wp\/v2\/types\/page"}],"author":[{"embeddable":true,"href":"https:\/\/tintorama.art\/hr\/wp-json\/wp\/v2\/users\/2"}],"replies":[{"embeddable":true,"href":"https:\/\/tintorama.art\/hr\/wp-json\/wp\/v2\/comments?post=852"}],"version-history":[{"count":4,"href":"https:\/\/tintorama.art\/hr\/wp-json\/wp\/v2\/pages\/852\/revisions"}],"predecessor-version":[{"id":861,"href":"https:\/\/tintorama.art\/hr\/wp-json\/wp\/v2\/pages\/852\/revisions\/861"}],"wp:attachment":[{"href":"https:\/\/tintorama.art\/hr\/wp-json\/wp\/v2\/media?parent=852"}],"curies":[{"name":"wp","href":"https:\/\/api.w.org\/{rel}","templated":true}]}}