{"id":3,"date":"2026-02-02T18:22:45","date_gmt":"2026-02-02T18:22:45","guid":{"rendered":"https:\/\/tintorama.art\/?page_id=3"},"modified":"2026-02-03T18:33:34","modified_gmt":"2026-02-03T18:33:34","slug":"privacy-policy","status":"publish","type":"page","link":"https:\/\/tintorama.art\/hr\/privacy-policy\/","title":{"rendered":"Pravila privatnosti (Privacy Policy)"},"content":{"rendered":"<div class=\"wpb-content-wrapper\"><div data-parent=\"true\" class=\"vc_row row-container\" id=\"row-unique-0\"><div class=\"row limit-width row-parent\"><div class=\"wpb_row row-inner\"><div class=\"wpb_column pos-top pos-center align_left column_parent col-lg-12 single-internal-gutter\"><div class=\"uncol style-light\"  ><div class=\"uncoltable\"><div class=\"uncell no-block-padding\" ><div class=\"uncont\" ><div class=\"uncode_text_column\" ><\/p>\n<h1 data-start=\"167\" data-end=\"188\"><strong data-start=\"170\" data-end=\"188\">Pravila privatnosti (Privacy Policy)<\/strong><\/h1>\n<p>&nbsp;<\/p>\n<h3 data-start=\"190\" data-end=\"220\"><strong data-start=\"194\" data-end=\"220\">1. Op\u0107e informacije<\/strong><\/h3>\n<p data-start=\"221\" data-end=\"356\">Ova Pravila privatnosti obja\u0161njavaju kako TINT-O-RAMA prikuplja, koristi i \u0161titi osobne podatke kada koristite ovu web stranicu ili kupujete proizvode.<\/p>\n<p data-start=\"358\" data-end=\"464\">Posve\u0107eni smo za\u0161titi va\u0161e privatnosti i odgovornom te transparentnom postupanju s osobnim podacima.<\/p>\n<h3 data-start=\"466\" data-end=\"505\"><strong data-start=\"470\" data-end=\"505\">2. Osobni podaci koje mo\u017eemo prikupljati<\/strong><\/h3>\n<p data-start=\"506\" data-end=\"573\">Mo\u017eemo prikupljati osobne podatke koje nam dobrovoljno dostavite, kao \u0161to su:<\/p>\n<ul data-start=\"574\" data-end=\"751\">\n<li data-start=\"574\" data-end=\"582\">\n<p data-start=\"576\" data-end=\"582\">Ime<\/p>\n<\/li>\n<li data-start=\"583\" data-end=\"600\">\n<p data-start=\"585\" data-end=\"600\">E-mail adresa<\/p>\n<\/li>\n<li data-start=\"601\" data-end=\"633\">\n<p data-start=\"603\" data-end=\"633\">Adresa za dostavu i naplatu<\/p>\n<\/li>\n<li data-start=\"634\" data-end=\"664\">\n<p data-start=\"636\" data-end=\"664\">Broj telefona (ako je dostavljen)<\/p>\n<\/li>\n<li data-start=\"665\" data-end=\"751\">\n<p data-start=\"667\" data-end=\"751\">Podaci vezani uz pla\u0107anje (obra\u0111uju se putem sigurnih pru\u017eatelja platnih usluga tre\u0107ih strana)<\/p>\n<\/li>\n<\/ul>\n<p data-start=\"753\" data-end=\"809\">Ne prikupljamo namjerno osjetljive osobne podatke.<\/p>\n<h3 data-start=\"811\" data-end=\"846\"><strong data-start=\"815\" data-end=\"846\">3. Kako koristimo osobne podatke<\/strong><\/h3>\n<p data-start=\"847\" data-end=\"871\">Osobne podatke koristimo za:<\/p>\n<ul data-start=\"872\" data-end=\"1050\">\n<li data-start=\"872\" data-end=\"902\">\n<p data-start=\"874\" data-end=\"902\">Obradu i dostavu narud\u017ebi<\/p>\n<\/li>\n<li data-start=\"903\" data-end=\"933\">\n<p data-start=\"905\" data-end=\"933\">Komunikaciju s kupcima<\/p>\n<\/li>\n<li data-start=\"934\" data-end=\"962\">\n<p data-start=\"936\" data-end=\"962\">Pru\u017eanje korisni\u010dke podr\u0161ke<\/p>\n<\/li>\n<li data-start=\"963\" data-end=\"1016\">\n<p data-start=\"965\" data-end=\"1016\">Pobolj\u0161anje funkcionalnosti web stranice i korisni\u010dkog iskustva<\/p>\n<\/li>\n<li data-start=\"1017\" data-end=\"1050\">\n<p data-start=\"1019\" data-end=\"1050\">Ispunjavanje zakonskih obveza<\/p>\n<\/li>\n<\/ul>\n<h3 data-start=\"1052\" data-end=\"1096\"><strong data-start=\"1056\" data-end=\"1096\">4. Pravna osnova obrade (GDPR)<\/strong><\/h3>\n<p data-start=\"1097\" data-end=\"1131\">Osobne podatke obra\u0111ujemo na temelju:<\/p>\n<ul data-start=\"1132\" data-end=\"1346\">\n<li data-start=\"1132\" data-end=\"1191\">\n<p data-start=\"1134\" data-end=\"1191\">Izvr\u0161enja ugovora (obrada narud\u017ebi i dostave)<\/p>\n<\/li>\n<li data-start=\"1192\" data-end=\"1213\">\n<p data-start=\"1194\" data-end=\"1213\">Zakonskih obveza<\/p>\n<\/li>\n<li data-start=\"1214\" data-end=\"1284\">\n<p data-start=\"1216\" data-end=\"1284\">Legitimnog interesa (pobolj\u0161anje usluga i funkcionalnosti web stranice)<\/p>\n<\/li>\n<li data-start=\"1285\" data-end=\"1346\">\n<p data-start=\"1287\" data-end=\"1346\">Privole (gdje je primjenjivo, npr. prijava na newsletter)<\/p>\n<\/li>\n<\/ul>\n<h3 data-start=\"1348\" data-end=\"1371\"><strong data-start=\"1352\" data-end=\"1371\">5. Dijeljenje podataka<\/strong><\/h3>\n<p data-start=\"1372\" data-end=\"1409\">Ne prodajemo niti iznajmljujemo osobne podatke.<\/p>\n<p data-start=\"1411\" data-end=\"1464\">Osobni podaci mogu se dijeliti samo kada je to nu\u017eno s:<\/p>\n<ul data-start=\"1465\" data-end=\"1595\">\n<li data-start=\"1465\" data-end=\"1487\">\n<p data-start=\"1467\" data-end=\"1487\">Dostavnim slu\u017ebama<\/p>\n<\/li>\n<li data-start=\"1488\" data-end=\"1517\">\n<p data-start=\"1490\" data-end=\"1517\">Pru\u017eateljima platnih usluga<\/p>\n<\/li>\n<li data-start=\"1518\" data-end=\"1554\">\n<p data-start=\"1520\" data-end=\"1554\">IT i web servisnim pru\u017eateljima<\/p>\n<\/li>\n<li data-start=\"1555\" data-end=\"1595\">\n<p data-start=\"1557\" data-end=\"1595\">Nadle\u017enim tijelima ako je to zakonski potrebno<\/p>\n<\/li>\n<\/ul>\n<h3 data-start=\"1597\" data-end=\"1622\"><strong data-start=\"1601\" data-end=\"1622\">6. Razdoblje \u010duvanja podataka<\/strong><\/h3>\n<p data-start=\"1623\" data-end=\"1771\">Osobne podatke \u010duvamo samo onoliko dugo koliko je potrebno za ispunjenje svrhe opisane u ovim Pravilima ili za ispunjavanje zakonskih i ra\u010dunovodstvenih obveza.<\/p>\n<h3 data-start=\"1773\" data-end=\"1802\"><strong data-start=\"1777\" data-end=\"1802\">7. Va\u0161a prava (GDPR)<\/strong><\/h3>\n<p data-start=\"1803\" data-end=\"1825\">Imate pravo na:<\/p>\n<ul data-start=\"1826\" data-end=\"2014\">\n<li data-start=\"1826\" data-end=\"1855\">\n<p data-start=\"1828\" data-end=\"1855\">Pristup svojim osobnim podacima<\/p>\n<\/li>\n<li data-start=\"1856\" data-end=\"1897\">\n<p data-start=\"1858\" data-end=\"1897\">Ispravak neto\u010dnih podataka<\/p>\n<\/li>\n<li data-start=\"1898\" data-end=\"1931\">\n<p data-start=\"1900\" data-end=\"1931\">Brisanje osobnih podataka<\/p>\n<\/li>\n<li data-start=\"1932\" data-end=\"1968\">\n<p data-start=\"1934\" data-end=\"1968\">Ograni\u010denje ili prigovor na obradu<\/p>\n<\/li>\n<li data-start=\"1969\" data-end=\"2014\">\n<p data-start=\"1971\" data-end=\"2014\">Prijenos podataka (gdje je primjenjivo)<\/p>\n<\/li>\n<\/ul>\n<h3 data-start=\"2016\" data-end=\"2040\"><strong data-start=\"2020\" data-end=\"2040\">8. Sigurnost podataka<\/strong><\/h3>\n<p data-start=\"2041\" data-end=\"2177\">Poduzimamo razumne tehni\u010dke i organizacijske mjere kako bismo za\u0161titili osobne podatke od neovla\u0161tenog pristupa, gubitka, zlouporabe ili otkrivanja.<\/p>\n<h3 data-start=\"2179\" data-end=\"2210\"><strong data-start=\"2183\" data-end=\"2210\">9. Usluge tre\u0107ih strana<\/strong><\/h3>\n<p data-start=\"2211\" data-end=\"2369\">Ova web stranica mo\u017ee koristiti usluge tre\u0107ih strana, poput pru\u017eatelja platnih usluga ili analiti\u010dkih alata. Ti pru\u017eatelji obra\u0111uju podatke u skladu sa svojim pravilima privatnosti.<\/p>\n<h3 data-start=\"2371\" data-end=\"2413\"><strong data-start=\"2375\" data-end=\"2413\">10. Izmjene Pravila privatnosti<\/strong><\/h3>\n<p data-start=\"2414\" data-end=\"2527\">Ova Pravila privatnosti mogu se povremeno a\u017eurirati. Najnovija verzija uvijek \u0107e biti dostupna na ovoj web stranici.<\/p>\n<h3 data-start=\"2529\" data-end=\"2548\"><strong data-start=\"2533\" data-end=\"2548\">11. Kontakt<\/strong><\/h3>\n<p data-start=\"2549\" data-end=\"2701\">Ako imate pitanja o ovim Pravilima privatnosti ili obradi va\u0161ih podataka, molimo kontaktirajte nas putem kontakt podataka navedenih na web stranici.<\/p>\n<p>\n<\/div><\/div><\/div><\/div><\/div><\/div><script id=\"script-row-unique-0\" data-row=\"script-row-unique-0\" type=\"text\/javascript\" class=\"vc_controls\">UNCODE.initRow(document.getElementById(\"row-unique-0\"));<\/script><\/div><\/div><\/div>\n<\/div>","protected":false},"excerpt":{"rendered":"Privacy Policy &nbsp; 1. General Information This Privacy Policy explains how TINT-O-RAMA collects, uses, and protects personal data when you [...]","protected":false},"author":1,"featured_media":0,"parent":0,"menu_order":0,"comment_status":"closed","ping_status":"open","template":"","meta":{"footnotes":""},"class_list":["post-3","page","type-page","status-publish","hentry"],"_links":{"self":[{"href":"https:\/\/tintorama.art\/hr\/wp-json\/wp\/v2\/pages\/3","targetHints":{"allow":["GET"]}}],"collection":[{"href":"https:\/\/tintorama.art\/hr\/wp-json\/wp\/v2\/pages"}],"about":[{"href":"https:\/\/tintorama.art\/hr\/wp-json\/wp\/v2\/types\/page"}],"author":[{"embeddable":true,"href":"https:\/\/tintorama.art\/hr\/wp-json\/wp\/v2\/users\/1"}],"replies":[{"embeddable":true,"href":"https:\/\/tintorama.art\/hr\/wp-json\/wp\/v2\/comments?post=3"}],"version-history":[{"count":2,"href":"https:\/\/tintorama.art\/hr\/wp-json\/wp\/v2\/pages\/3\/revisions"}],"predecessor-version":[{"id":270,"href":"https:\/\/tintorama.art\/hr\/wp-json\/wp\/v2\/pages\/3\/revisions\/270"}],"wp:attachment":[{"href":"https:\/\/tintorama.art\/hr\/wp-json\/wp\/v2\/media?parent=3"}],"curies":[{"name":"wp","href":"https:\/\/api.w.org\/{rel}","templated":true}]}}